{"id":151,"date":"2026-04-27T10:38:49","date_gmt":"2026-04-27T10:38:49","guid":{"rendered":"https:\/\/koscal.hr\/?page_id=151"},"modified":"2026-04-27T10:38:49","modified_gmt":"2026-04-27T10:38:49","slug":"drustvena-odgovornost-i-etika","status":"publish","type":"page","link":"https:\/\/koscal.hr\/?page_id=151","title":{"rendered":"Dru\u0161tvena odgovornost i etika"},"content":{"rendered":"\n<div class=\"wp-block-cover has-parallax\"><div class=\"wp-block-cover__image-background wp-image-124 has-parallax\" style=\"background-position:50% 50%;background-image:url(https:\/\/koscal.hr\/wp-content\/uploads\/2019\/01\/Integritet-2.jpg)\"><\/div><span aria-hidden=\"true\" class=\"wp-block-cover__background has-background-dim\"><\/span><div class=\"wp-block-cover__inner-container is-layout-flow wp-block-cover-is-layout-flow\">\n<h2 class=\"wp-block-heading has-text-align-center has-medium-font-size\">Integritet!<\/h2>\n\n\n\n<h2 class=\"wp-block-heading has-text-align-center has-medium-font-size\"><strong>Integritet je ono \u0161to razlikuje \u010dovjeka od \u010dovjeka, a tako i dru\u0161tvo od dru\u0161tva. Po\u0161tujemo poslovne i eti\u010dke norme u poslovanju, a \u017eivimo op\u0107e ljudske vrijednosti koje nas poti\u010du biti boljim osobama, zaposlenicima i Dru\u0161tvom.<\/strong><\/h2>\n<\/div><\/div>\n\n\n\n<div class=\"wp-block-cover is-light has-parallax\"><div class=\"wp-block-cover__image-background wp-image-123 has-parallax\" style=\"background-position:50% 50%;background-image:url(https:\/\/koscal.hr\/wp-content\/uploads\/2019\/01\/Integritet.jpg)\"><\/div><span aria-hidden=\"true\" class=\"wp-block-cover__background has-background-dim\"><\/span><div class=\"wp-block-cover__inner-container is-layout-flow wp-block-cover-is-layout-flow\">\n<h2 class=\"wp-block-heading has-text-align-center has-white-color has-text-color has-medium-font-size\"><strong>Svjesni va\u017enosti dobrobiti cijele zajednice, Ko\u0161\u0107al d.o.o. gradi zajednicu financijski, materijalnim sredstvima, sponzorstvima, volontiranjem zaposlenika te eti\u010dkim poslovanjem i izvr\u0161avanjem poslovnih odgovornosti u roku.<\/strong><\/h2>\n<\/div><\/div>\n\n\n\n<div data-wp-interactive=\"core\/file\" class=\"wp-block-file\"><object data-wp-bind--hidden=\"!state.hasPdfPreview\" hidden class=\"wp-block-file__embed\" data=\"https:\/\/koscal.hr\/wp-content\/uploads\/2023\/08\/Koscal-doo-Eticki-kodeks.pdf\" type=\"application\/pdf\" style=\"width:100%;height:255px\" aria-label=\"Ugra\u0111eno Eti\u010dki kodeks - Ko\u0161\u0107al d.o.o..\"><\/object><a id=\"wp-block-file--media-d3e428f0-675e-488b-b003-f5e3e66fd783\" href=\"https:\/\/koscal.hr\/wp-content\/uploads\/2023\/08\/Koscal-doo-Eticki-kodeks.pdf\">Eti\u010dki kodeks &#8211; Ko\u0161\u0107al d.o.o.<\/a><a href=\"https:\/\/koscal.hr\/wp-content\/uploads\/2023\/08\/Koscal-doo-Eticki-kodeks.pdf\" class=\"wp-block-file__button wp-element-button\" download aria-describedby=\"wp-block-file--media-d3e428f0-675e-488b-b003-f5e3e66fd783\">  Preuzmi  <\/a><\/div>\n","protected":false},"excerpt":{"rendered":"","protected":false},"author":1,"featured_media":0,"parent":0,"menu_order":0,"comment_status":"closed","ping_status":"closed","template":"","meta":{"footnotes":""},"class_list":["post-151","page","type-page","status-publish","hentry","description-off"],"_links":{"self":[{"href":"https:\/\/koscal.hr\/index.php?rest_route=\/wp\/v2\/pages\/151","targetHints":{"allow":["GET"]}}],"collection":[{"href":"https:\/\/koscal.hr\/index.php?rest_route=\/wp\/v2\/pages"}],"about":[{"href":"https:\/\/koscal.hr\/index.php?rest_route=\/wp\/v2\/types\/page"}],"author":[{"embeddable":true,"href":"https:\/\/koscal.hr\/index.php?rest_route=\/wp\/v2\/users\/1"}],"replies":[{"embeddable":true,"href":"https:\/\/koscal.hr\/index.php?rest_route=%2Fwp%2Fv2%2Fcomments&post=151"}],"version-history":[{"count":1,"href":"https:\/\/koscal.hr\/index.php?rest_route=\/wp\/v2\/pages\/151\/revisions"}],"predecessor-version":[{"id":152,"href":"https:\/\/koscal.hr\/index.php?rest_route=\/wp\/v2\/pages\/151\/revisions\/152"}],"wp:attachment":[{"href":"https:\/\/koscal.hr\/index.php?rest_route=%2Fwp%2Fv2%2Fmedia&parent=151"}],"curies":[{"name":"wp","href":"https:\/\/api.w.org\/{rel}","templated":true}]}}