{"id":45,"date":"2026-04-27T06:34:12","date_gmt":"2026-04-27T06:34:12","guid":{"rendered":"https:\/\/koscal.hr\/?page_id=45"},"modified":"2026-04-27T06:34:12","modified_gmt":"2026-04-27T06:34:12","slug":"politika-kolacica","status":"publish","type":"page","link":"https:\/\/koscal.hr\/?page_id=45","title":{"rendered":"Politika kola\u010di\u0107a"},"content":{"rendered":"\n<h1 class=\"wp-block-heading\">Politika kola\u010di\u0107a<\/h1>\n\n\n\n<p>\u0160to su kola\u010di\u0107i? Ova Pravila o kola\u010di\u0107ima obja\u0161njavaju \u0161to su kola\u010di\u0107i i kako ih koristimo, vrste kola\u010di\u0107a koje koristimo, tj. informacije koje prikupljamo pomo\u0107u kola\u010di\u0107a i kako se te informacije koriste te kako upravljati postavkama kola\u010di\u0107a.<\/p>\n\n\n\n<p>&nbsp; &nbsp; &nbsp;Kola\u010di\u0107i su male tekstualne datoteke koje se koriste za pohranjivanje malih dijelova informacija. Pohranjuju se na va\u0161em ure\u0111aju kada se web stranica u\u010dita u va\u0161 preglednik. Ovi kola\u010di\u0107i nam poma\u017eu da web-mjesto ispravno funkcionira, u\u010dinimo ga sigurnijim, pru\u017eimo bolje korisni\u010dko iskustvo i razumijemo kako web-mjesto funkcionira te analiziramo \u0161to radi i gdje treba pobolj\u0161ati.<\/p>\n\n\n\n<p>&nbsp; &nbsp; &nbsp; Kako koristimo kola\u010di\u0107e? Kao i ve\u0107ina internetskih usluga, na\u0161a web stranica koristi kola\u010di\u0107e prve i tre\u0107e strane u nekoliko svrha. Kola\u010di\u0107i prve strane uglavnom su nu\u017eni za ispravno funkcioniranje web stranice i ne prikupljaju va\u0161e osobne podatke.<\/p>\n\n\n\n<p>&nbsp; &nbsp; &nbsp; Kola\u010di\u0107i tre\u0107ih strana koji se koriste na na\u0161em web-mjestu uglavnom slu\u017ee za razumijevanje na\u010dina na koji web-mjesto radi, kako komunicirate s na\u0161im web-mjestom, za o\u010duvanje sigurnosti na\u0161ih usluga, za pru\u017eanje reklama koje su vam relevantne i sve u svemu za pru\u017eanje boljeg i pobolj\u0161anog korisnika iskustva i ubrzati va\u0161e budu\u0107e interakcije s na\u0161im web mjestom.<\/p>\n\n\n\n<p><strong>&nbsp; &nbsp; &nbsp; Vrsta kola\u010di\u0107a koje koristimo<\/strong><\/p>\n\n\n\n<p>Odaberi postavke kola\u010di\u0107a Postavke kola\u010di\u0107a Mo\u017eete promijeniti svoje postavke kola\u010di\u0107a u bilo kojem trenutku klikom na gornji gumb. To \u0107e vam omogu\u0107iti da ponovno posjetite natpis pristanka na kola\u010di\u0107e i promijenite svoje postavke ili odmah povu\u010dete svoj pristanak.<\/p>\n\n\n\n<p>&nbsp; &nbsp;Osim toga, razli\u010diti preglednici pru\u017eaju razli\u010dite metode za blokiranje i brisanje kola\u010di\u0107a koje koriste web stranice. Mo\u017eete promijeniti postavke svog preglednika kako biste blokirali\/izbrisali kola\u010di\u0107e. Dolje su navedene poveznice na dokumente podr\u0161ke o tome kako upravljati i brisati kola\u010di\u0107e iz glavnih web preglednika.<\/p>\n\n\n\n<p>&nbsp;Chrome: https:\/\/support.google.com\/accounts\/answer\/32050<\/p>\n\n\n\n<p>Safari: https:\/\/support.apple.com\/en-in\/guide\/safari\/sfri11471\/mac<\/p>\n\n\n\n<p>Firefox: https:\/\/support.mozilla.org\/en-US\/kb\/clear-cookies-and-site-data-firefox?redirectslug=delete-cookies-remove-info-websites-stored&amp;redirectlocale=en-US<\/p>\n\n\n\n<p>Internet Explorer: https:\/\/support.microsoft.com\/en-us\/topic\/how-to-delete-cookie-files-in-internet-explorer-bca9446f-d873-78de-77ba-d42645fa52fc<\/p>\n\n\n\n<p>Ako koristite bilo koji drugi web preglednik, posjetite slu\u017ebene dokumente za podr\u0161ku va\u0161eg preglednika.<\/p>\n","protected":false},"excerpt":{"rendered":"<p>Politika kola\u010di\u0107a \u0160to su kola\u010di\u0107i? Ova Pravila o kola\u010di\u0107ima obja\u0161njavaju \u0161to su kola\u010di\u0107i i kako ih koristimo, vrste kola\u010di\u0107a koje koristimo, tj. informacije koje prikupljamo pomo\u0107u kola\u010di\u0107a i kako se te informacije koriste te kako upravljati postavkama kola\u010di\u0107a. &nbsp; &nbsp; &nbsp;Kola\u010di\u0107i su male tekstualne datoteke koje se koriste za pohranjivanje malih dijelova informacija. Pohranjuju se&hellip;<\/p>\n","protected":false},"author":1,"featured_media":0,"parent":0,"menu_order":0,"comment_status":"closed","ping_status":"closed","template":"","meta":{"footnotes":""},"class_list":["post-45","page","type-page","status-publish","hentry","description-off"],"_links":{"self":[{"href":"https:\/\/koscal.hr\/index.php?rest_route=\/wp\/v2\/pages\/45","targetHints":{"allow":["GET"]}}],"collection":[{"href":"https:\/\/koscal.hr\/index.php?rest_route=\/wp\/v2\/pages"}],"about":[{"href":"https:\/\/koscal.hr\/index.php?rest_route=\/wp\/v2\/types\/page"}],"author":[{"embeddable":true,"href":"https:\/\/koscal.hr\/index.php?rest_route=\/wp\/v2\/users\/1"}],"replies":[{"embeddable":true,"href":"https:\/\/koscal.hr\/index.php?rest_route=%2Fwp%2Fv2%2Fcomments&post=45"}],"version-history":[{"count":1,"href":"https:\/\/koscal.hr\/index.php?rest_route=\/wp\/v2\/pages\/45\/revisions"}],"predecessor-version":[{"id":46,"href":"https:\/\/koscal.hr\/index.php?rest_route=\/wp\/v2\/pages\/45\/revisions\/46"}],"wp:attachment":[{"href":"https:\/\/koscal.hr\/index.php?rest_route=%2Fwp%2Fv2%2Fmedia&parent=45"}],"curies":[{"name":"wp","href":"https:\/\/api.w.org\/{rel}","templated":true}]}}